{"id":793,"date":"2022-07-28T07:00:37","date_gmt":"2022-07-28T07:00:37","guid":{"rendered":"https:\/\/demo.creativethemes.com\/elementor\/bizconsult\/?page_id=793"},"modified":"2024-01-15T02:51:13","modified_gmt":"2024-01-15T01:51:13","slug":"implementations","status":"publish","type":"page","link":"https:\/\/fundacja.stofarm.pl\/?page_id=793","title":{"rendered":"Nasze Realizajce"},"content":{"rendered":"\t\t<div data-elementor-type=\"wp-page\" data-elementor-id=\"793\" class=\"elementor elementor-793\">\n\t\t\t\t<div class=\"elementor-element elementor-element-7eb0977 e-flex e-con-boxed e-con e-parent\" data-id=\"7eb0977\" data-element_type=\"container\" data-settings=\"{&quot;background_background&quot;:&quot;classic&quot;}\">\n\t\t\t\t\t<div class=\"e-con-inner\">\n\t\t\t\t<div class=\"elementor-element elementor-element-eaa7b27 elementor-widget elementor-widget-heading\" data-id=\"eaa7b27\" data-element_type=\"widget\" data-widget_type=\"heading.default\">\n\t\t\t\t<div class=\"elementor-widget-container\">\n\t\t\t\t\t<h2 class=\"elementor-heading-title elementor-size-default\">Projekty dofinansowane:<\/h2>\t\t\t\t<\/div>\n\t\t\t\t<\/div>\n\t\t\t\t<div class=\"elementor-element elementor-element-f316f70 elementor-widget elementor-widget-text-editor\" data-id=\"f316f70\" data-element_type=\"widget\" data-widget_type=\"text-editor.default\">\n\t\t\t\t<div class=\"elementor-widget-container\">\n\t\t\t\t\t\t\t\t\t<table width=\"703\"><tbody><tr><td width=\"420\"><p><strong>Tytu\u0142 projektu<\/strong><\/p><\/td><td width=\"283\"><p><strong>Wnioskodawca<\/strong><\/p><\/td><\/tr><tr><td width=\"420\"><p><strong>Miko\u0142ajkowy turniej pi\u0142ki no\u017cnej halowej o puchar firmy STOFARM<\/strong><\/p><\/td><td width=\"283\"><p>Szko\u0142a Podstawowa w Dubience<\/p><\/td><\/tr><tr><td width=\"420\"><p><strong>Dzie\u0144 Pluszowego Misia <\/strong><\/p><\/td><td width=\"283\"><p>Dyrektor Szko\u0142y Podstawowej w Dubience<\/p><\/td><\/tr><tr><td width=\"420\"><p><strong>Klub Po\u017ceraczy Ksi\u0105\u017cek <\/strong><\/p><\/td><td width=\"283\"><p>Dyrektor Szko\u0142y Podstawowej w Dubience<\/p><\/td><\/tr><tr><td width=\"420\"><p><strong>Filmowe Miko\u0142ajki<\/strong><\/p><\/td><td width=\"283\"><p>Dyrektor Szko\u0142y Podstawowej w Dubience<\/p><\/td><\/tr><tr><td width=\"420\"><p><strong>Spotkanie op\u0142atkowe<br \/>Zakup materia\u0142\u00f3w do dalszej dzia\u0142alno\u015bci<\/strong><\/p><\/td><td width=\"283\"><p>Klub Seniora i Zwi\u0105zek Emeryt\u00f3w i Rencist\u00f3w<\/p><\/td><\/tr><tr><td width=\"420\"><p><strong>Spotkanie op\u0142atkowe mieszka\u0144c\u00f3w miejscowo\u015bci Rogatka<\/strong><\/p><\/td><td width=\"283\"><p>So\u0142tys Gabriel Szewczuk<\/p><\/td><\/tr><tr><td width=\"420\"><p><strong>Odnawiamy nasz\u0105 \u015bwietlic\u0119<\/strong><\/p><\/td><td width=\"283\"><p>So\u0142tys So\u0142ectwa Ucha\u0144ka<\/p><\/td><\/tr><tr><td width=\"420\"><p><strong>Spotkanie wigilijne mieszka\u0144c\u00f3w gminy Dubienka<\/strong><\/p><\/td><td width=\"283\"><p>Stowarzyszenie Ludzi Aktywnych Gminy Dubienka im. Tadeusza Ko\u015bciuszki<\/p><\/td><\/tr><tr><td width=\"420\"><p><strong>Dru\u017cynowy konkurs Wiedzy o Zjednoczonym Kr\u00f3lestwie wielkiej Brytanii i Irlandii P\u00f3\u0142nocnej<\/strong><\/p><p><strong>Konkurs plastyczno-j\u0119zykowy na najpi\u0119kniejsz\u0105 kartk\u0119 bo\u017conarodzeniow\u0105 w j\u0119zyku angielskim.<\/strong><\/p><p><strong>Konkurs plastyczno-j\u0119zykowy na najpi\u0119kniejsz\u0105 kartk\u0119 bo\u017conarodzeniow\u0105 w j\u0119zyku niemieckim.<br \/>Konkurs na najpi\u0119kniejszy stroik, ozdob\u0119 bo\u017conarodzeniow\u0105.<\/strong><\/p><\/td><td width=\"283\"><p>Rada Rodzic\u00f3w przy Szkole Podstawowej w Dubience<\/p><\/td><\/tr><\/tbody><\/table>\t\t\t\t\t\t\t\t<\/div>\n\t\t\t\t<\/div>\n\t\t\t\t\t<\/div>\n\t\t\t\t<\/div>\n\t\t\t\t<\/div>\n\t\t","protected":false},"excerpt":{"rendered":"<p>Projekty dofinansowane: Tytu\u0142 projektu Wnioskodawca Miko\u0142ajkowy turniej pi\u0142ki no\u017cnej halowej o puchar firmy STOFARM Szko\u0142a Podstawowa w Dubience Dzie\u0144 Pluszowego Misia Dyrektor Szko\u0142y Podstawowej w Dubience Klub Po\u017ceraczy Ksi\u0105\u017cek Dyrektor Szko\u0142y Podstawowej w Dubience Filmowe Miko\u0142ajki Dyrektor Szko\u0142y Podstawowej w Dubience Spotkanie op\u0142atkoweZakup materia\u0142\u00f3w do dalszej dzia\u0142alno\u015bci Klub Seniora i Zwi\u0105zek Emeryt\u00f3w i Rencist\u00f3w Spotkanie [&hellip;]<\/p>\n","protected":false},"author":1,"featured_media":0,"parent":0,"menu_order":0,"comment_status":"closed","ping_status":"closed","template":"","meta":{"footnotes":""},"class_list":["post-793","page","type-page","status-publish","hentry"],"blocksy_meta":{"page_title_panel":"","has_hero_section":"disabled","e38715bb122191d12b00a4ff2f5acc0d":"","hero_section":"type-1","hero_elements":[{"id":"custom_title","enabled":true,"heading_tag":"h1","title":"Home"},{"id":"custom_description","enabled":true,"description_visibility":{"desktop":true,"tablet":true,"mobile":false}},{"id":"custom_meta","enabled":false,"meta_elements":[{"id":"author","enabled":true,"label":"By","has_author_avatar":"yes","avatar_size":25},{"id":"post_date","enabled":true,"label":"On","date_format_source":"default","date_format":"M j, Y"},{"id":"updated_date","enabled":false,"label":"On","date_format_source":"default","date_format":"M j, Y"},{"id":"categories","enabled":false,"label":"In","style":"simple"},{"id":"comments","enabled":true}],"page_meta_elements":{"joined":true,"articles_count":true,"comments":true}},{"id":"breadcrumbs","enabled":false}],"cdfdc69e127db85256160ecef73f61cf":"","hero_alignment1":"CT_CSS_SKIP_RULE","hero_margin":40,"hero_alignment2":"center","hero_vertical_alignment":"center","6fea0e66a2b5d6a4880c87191c0e3589":"","hero_structure":"narrow","caec56dac1f3124aba4f24b90c3f166d":"","page_title_bg_type":"featured_image","custom_hero_background":{"attachment_id":null},"page_title_image_size":"full","parallax":{"desktop":false,"tablet":false,"mobile":false},"07106ee7ed2e4852a96bbd1e7c3ca084":"","hero_height":"250px","pageTitleFont":{"family":"Default","variation":"Default","size":"30px","line-height":"CT_CSS_SKIP_RULE","letter-spacing":"CT_CSS_SKIP_RULE","text-transform":"CT_CSS_SKIP_RULE","text-decoration":"CT_CSS_SKIP_RULE"},"pageTitleFontColor":{"default":{"color":"CT_CSS_SKIP_RULEDEFAULT"}},"pageMetaFont":{"family":"Default","variation":"n6","size":"12px","line-height":"1.3","letter-spacing":"CT_CSS_SKIP_RULE","text-transform":"uppercase","text-decoration":"CT_CSS_SKIP_RULE"},"pageMetaFontColor":{"default":{"color":"CT_CSS_SKIP_RULEDEFAULT"},"hover":{"color":"CT_CSS_SKIP_RULEDEFAULT"}},"page_meta_button_type_font_colors":{"default":{"color":"CT_CSS_SKIP_RULEDEFAULT"},"hover":{"color":"CT_CSS_SKIP_RULEDEFAULT"}},"page_meta_button_type_background_colors":{"default":{"color":"CT_CSS_SKIP_RULEDEFAULT"},"hover":{"color":"CT_CSS_SKIP_RULEDEFAULT"}},"pageExcerptFont":{"family":"Default","variation":"Default","size":"CT_CSS_SKIP_RULE","line-height":"CT_CSS_SKIP_RULE","letter-spacing":"CT_CSS_SKIP_RULE","text-transform":"CT_CSS_SKIP_RULE","text-decoration":"CT_CSS_SKIP_RULE"},"pageExcerptColor":{"default":{"color":"CT_CSS_SKIP_RULEDEFAULT"}},"breadcrumbsFont":{"family":"Default","variation":"Default","size":"CT_CSS_SKIP_RULE","line-height":"CT_CSS_SKIP_RULE","letter-spacing":"CT_CSS_SKIP_RULE","text-transform":"CT_CSS_SKIP_RULE","text-decoration":"CT_CSS_SKIP_RULE"},"breadcrumbsFontColor":{"default":{"color":"CT_CSS_SKIP_RULEDEFAULT"},"initial":{"color":"CT_CSS_SKIP_RULEDEFAULT"},"hover":{"color":"CT_CSS_SKIP_RULEDEFAULT"}},"pageTitleOverlay":{"background_type":"color","background_pattern":"type-1","background_image":{"attachment_id":null,"x":0,"y":0},"gradient":"linear-gradient(135deg,rgba(6,147,227,1) 0%,rgb(155,81,224) 100%)","background_repeat":"repeat","background_size":"auto","background_attachment":"scroll","patternColor":{"default":{"color":"#e5e7ea"}},"overlayColor":{"default":{"color":"CT_CSS_SKIP_RULE"}},"backgroundColor":{"default":{"color":"CT_CSS_SKIP_RULE"}}},"pageTitleBackground":{"background_type":"color","background_pattern":"type-1","background_image":{"attachment_id":null,"x":0,"y":0},"gradient":"linear-gradient(135deg,rgba(6,147,227,1) 0%,rgb(155,81,224) 100%)","background_repeat":"repeat","background_size":"auto","background_attachment":"scroll","patternColor":{"default":{"color":"#e5e7ea"}},"overlayColor":{"default":{"color":"CT_CSS_SKIP_RULE"}},"backgroundColor":{"default":{"color":"var(--theme-palette-color-6)"}}},"pageTitlePadding":{"top":"50px","bottom":"50px","left":"auto","right":"auto","linked":true},"8731634cc32e95e0be09e75dbf703b3f":"","page_structure_type":"default","6ef7870ac163491031ebf652adea8358":"","content_style_source":"inherit","content_style":"wide","vertical_spacing_source":"custom","content_area_spacing":"none","background":{"background_type":"color","background_pattern":"type-1","background_image":{"attachment_id":null,"x":0,"y":0},"gradient":"linear-gradient(135deg,rgba(6,147,227,1) 0%,rgb(155,81,224) 100%)","background_repeat":"repeat","background_size":"auto","background_attachment":"scroll","patternColor":{"default":{"color":"#e5e7ea"}},"overlayColor":{"default":{"color":"CT_CSS_SKIP_RULE"}},"backgroundColor":{"default":{"color":"CT_CSS_SKIP_RULE"}}},"content_background":{"background_type":"color","background_pattern":"type-1","background_image":{"attachment_id":null,"x":0,"y":0},"gradient":"linear-gradient(135deg,rgba(6,147,227,1) 0%,rgb(155,81,224) 100%)","background_repeat":"repeat","background_size":"auto","background_attachment":"scroll","patternColor":{"default":{"color":"#e5e7ea"}},"overlayColor":{"default":{"color":"CT_CSS_SKIP_RULE"}},"backgroundColor":{"default":{"color":"var(--theme-palette-color-8)"}}},"content_boxed_shadow":{"inherit":false,"blur":18,"spread":-6,"v_offset":12,"h_offset":0,"inset":false,"enable":true,"color":{"color":"rgba(34, 56, 101, 0.04)"}},"content_boxed_border":{"width":1,"style":"none","color":{"color":"rgba(44,62,80,0.2)"}},"content_boxed_radius":{"top":"3px","bottom":"3px","left":"3px","right":"3px","linked":true},"boxed_content_spacing":{"desktop":{"top":"40px","bottom":"40px","left":"40px","right":"40px","linked":true},"tablet":{"top":"35px","bottom":"35px","left":"35px","right":"35px","linked":true},"mobile":{"top":"20px","bottom":"20px","left":"20px","right":"20px","linked":true}},"36b606f0b937718d397a640df4fa4b31":"","disable_featured_image":"no","disable_share_box":"no","disable_header":"no","disable_footer":"no","styles_descriptor":{"styles":{"desktop":"","tablet":"","mobile":""},"google_fonts":[],"version":6}},"_links":{"self":[{"href":"https:\/\/fundacja.stofarm.pl\/index.php?rest_route=\/wp\/v2\/pages\/793","targetHints":{"allow":["GET"]}}],"collection":[{"href":"https:\/\/fundacja.stofarm.pl\/index.php?rest_route=\/wp\/v2\/pages"}],"about":[{"href":"https:\/\/fundacja.stofarm.pl\/index.php?rest_route=\/wp\/v2\/types\/page"}],"author":[{"embeddable":true,"href":"https:\/\/fundacja.stofarm.pl\/index.php?rest_route=\/wp\/v2\/users\/1"}],"replies":[{"embeddable":true,"href":"https:\/\/fundacja.stofarm.pl\/index.php?rest_route=%2Fwp%2Fv2%2Fcomments&post=793"}],"version-history":[{"count":4,"href":"https:\/\/fundacja.stofarm.pl\/index.php?rest_route=\/wp\/v2\/pages\/793\/revisions"}],"predecessor-version":[{"id":1664,"href":"https:\/\/fundacja.stofarm.pl\/index.php?rest_route=\/wp\/v2\/pages\/793\/revisions\/1664"}],"wp:attachment":[{"href":"https:\/\/fundacja.stofarm.pl\/index.php?rest_route=%2Fwp%2Fv2%2Fmedia&parent=793"}],"curies":[{"name":"wp","href":"https:\/\/api.w.org\/{rel}","templated":true}]}}